{"id":310,"date":"2026-04-11T14:29:53","date_gmt":"2026-04-11T14:29:53","guid":{"rendered":"https:\/\/marthalodge.com\/?page_id=310"},"modified":"2026-04-29T12:58:30","modified_gmt":"2026-04-29T12:58:30","slug":"testimonials","status":"publish","type":"page","link":"https:\/\/marthalodge.com\/fr\/testimonials\/","title":{"rendered":"T\u00e9moignages"},"content":{"rendered":"<div class=\"boldgrid-section\">\n<div class=\"container\"><\/div>\n<\/div>\n<div class=\"boldgrid-section\">\n<div class=\"container\">\n<p class=\"\">&nbsp;<\/p>\n<h4>Mr. Wilbur<\/h4>\n<p class=\"\"><a href=\"https:\/\/marthalodge.com\/wp-content\/uploads\/2026\/03\/IMG_5482.jpeg\"><img loading=\"lazy\" decoding=\"async\" class=\"wp-image-287 size-thumbnail\" src=\"https:\/\/marthalodge.com\/wp-content\/uploads\/2026\/03\/IMG_5482-150x150.jpeg\" alt=\"\" width=\"150\" height=\"150\" srcset=\"https:\/\/marthalodge.com\/wp-content\/uploads\/2026\/03\/IMG_5482-150x150.jpeg 150w, https:\/\/marthalodge.com\/wp-content\/uploads\/2026\/03\/IMG_5482-50x50.jpeg 50w\" sizes=\"auto, (max-width: 150px) 100vw, 150px\" \/><\/a><\/p>\n<p class=\"\"><span style=\"color: #999999;\">Peinture \u00e0 l'huile sur carton entoil\u00e9 de 8 \u201c x 10 \u201c.<\/span><\/p>\n<p class=\"\">\u00ab Martha est une artiste incroyable qui a su parfaitement saisir la beaut\u00e9 et la majest\u00e9 de mon pitbull\/bulldog am\u00e9ricain \u00e2g\u00e9 de deux ans ! Malheureusement, mon cher Wilbur est d\u00e9c\u00e9d\u00e9 d\u2019un cancer \u00e0 l\u2019\u00e2ge de deux ans seulement. Martha a eu la gentillesse de m\u2019envoyer cette \u0153uvre sur mesure \u00e0 travers tout le Canada, et j\u2019\u00e9tais tellement impatiente de d\u00e9couvrir le r\u00e9sultat final ! J'ai accroch\u00e9 le tableau sur le mur de ma chambre, et je souris chaque fois que je le regarde. Le portrait de M. Wilbur est un souvenir pr\u00e9cieux qui restera toujours avec moi. Je recommanderais sans h\u00e9siter Martha si vous recherchez une \u0153uvre d'art unique et sur mesure ! \u00bb <span class=\"\" data-subtree=\"aimfl,mfl\" data-processed=\"true\">\u2014<\/span><em>B Kemp, BC<\/em><\/p>\n<p class=\"\">______<\/p>\n<h4 style=\"padding: 0px;\">apollo<\/h4>\n<p class=\"\"><a href=\"https:\/\/marthalodge.com\/wp-content\/uploads\/2026\/03\/IMG_5491.jpeg\"><img loading=\"lazy\" decoding=\"async\" class=\"wp-image-162 size-thumbnail\" src=\"https:\/\/marthalodge.com\/wp-content\/uploads\/2026\/03\/IMG_5491-150x150.jpeg\" alt=\"Apollo\" width=\"150\" height=\"150\" srcset=\"https:\/\/marthalodge.com\/wp-content\/uploads\/2026\/03\/0_31_150_150_IMG_5491-238x300.jpeg 150w, https:\/\/marthalodge.com\/wp-content\/uploads\/2026\/03\/IMG_5491-480x480.jpeg 480w\" sizes=\"auto, (max-width: 150px) 100vw, 150px\" \/><\/a><\/p>\n<p class=\"\" style=\"padding-top: 5px;\"><span style=\"color: #999999;\">Peinture \u00e0 l'huile sur carton entoil\u00e9 de 8 \u201c x 10 \u201c.<\/span><\/p>\n<p class=\"\">\u00ab C'\u00e9tait formidable qu'une personne qui nous conna\u00eet et qui partage notre amour des chats r\u00e9alise ce portrait. Martha a su rendre l'esprit et la personnalit\u00e9 d'Apollo dans ce portrait. \u00bb<\/p>\n<p class=\"\">I would recommend Martha as she is passionate about her artwork. Having a portrait of my beloved pet is a beautiful memory that can be displayed in my home.&#8221; <span class=\"\" data-subtree=\"aimfl,mfl\" data-processed=\"true\">\u2014<\/span><em>Femke Belgrado, QC<\/em><\/p>\n<p class=\"\">______<\/p>\n<h4 style=\"padding-top: 0px;\">Bennie and jetz<\/h4>\n<p class=\"\"><a href=\"https:\/\/marthalodge.com\/wp-content\/uploads\/2026\/03\/IMG_6154.jpg\"><img loading=\"lazy\" decoding=\"async\" class=\"wp-image-261 size-thumbnail\" src=\"https:\/\/marthalodge.com\/wp-content\/uploads\/2026\/03\/IMG_6154-150x150.jpg\" alt=\"Benny and Jetz\" width=\"150\" height=\"150\" srcset=\"https:\/\/marthalodge.com\/wp-content\/uploads\/2026\/03\/IMG_6154-150x150.jpg 150w, https:\/\/marthalodge.com\/wp-content\/uploads\/2026\/03\/IMG_6154-50x50.jpg 50w\" sizes=\"auto, (max-width: 150px) 100vw, 150px\" \/><\/a><\/p>\n<p class=\"\"><span style=\"color: #999999;\">Peinture \u00e0 l'huile, acrylique, impasto et feuille d'or sur toile, 16 \" X 20 \".<\/span><\/p>\n<p class=\"\">\u00ab J'ai demand\u00e9 \u00e0 Martha Lodge de r\u00e9aliser un tableau repr\u00e9sentant mes deux chats bengals, Bennie et Jetz, pour l'offrir \u00e0 mon compagnon \u00e0 l'occasion de son anniversaire. \u00bb<\/p>\n<p class=\"\">Travailler avec Martha Lodge sur le portrait de Bennie et Jetz a \u00e9t\u00e9 une exp\u00e9rience merveilleuse du d\u00e9but \u00e0 la fin. Le processus m'a sembl\u00e9 tr\u00e8s personnel et r\u00e9fl\u00e9chi, et il \u00e9tait \u00e9vident qu'elle avait mis beaucoup de soin et d'attention \u00e0 saisir la personnalit\u00e9 et les d\u00e9tails de ses mod\u00e8les. Martha a pris le temps de me poser des questions pr\u00e9cises sur la couleur des yeux afin de s'assurer de la reproduire fid\u00e8lement.<\/p>\n<p class=\"\">Quand j\u2019ai vu l\u2019\u0153uvre achev\u00e9e, j\u2019ai \u00e9t\u00e9 \u00e9merveill\u00e9e par la pr\u00e9cision avec laquelle elle les avait peints et j\u2019ai \u00e9t\u00e9 sinc\u00e8rement \u00e9mue. Le portrait rendait non seulement leur ressemblance, mais aussi leur personnalit\u00e9 : Bennie, timide et r\u00e9serv\u00e9e, en arri\u00e8re-plan, et Jetz, curieuse et avide de d\u00e9couvertes, pench\u00e9e en avant. C\u2019est ce qui a rendu cette \u0153uvre si sp\u00e9ciale et si significative \u00e0 mes yeux. Il est \u00e9vident que Martha met une v\u00e9ritable passion dans son travail, et cela transpara\u00eet dans le r\u00e9sultat final.<\/p>\n<p class=\"\">\u00ab Je recommande sans h\u00e9siter Martha Lodge \u00e0 tous ceux qui recherchent une \u0153uvre d'art unique et pleine d'\u00e9motion. Son professionnalisme, sa communication et son talent artistique ont rendu cette exp\u00e9rience tr\u00e8s positive, et je serais ravie de retravailler avec elle. \u00bb <span class=\"\" data-subtree=\"aimfl,mfl\" data-processed=\"true\">\u2014<\/span><em>Kareem Toni, ON<\/em><\/p>\n<p class=\"\">____________________________________________________<\/p>\n<p class=\"\">\u00ab Ce fut un v\u00e9ritable plaisir de travailler avec Martha. Elle nous a simplement demand\u00e9 quelques photos et des anecdotes sur les chats. Elle a rendu son travail bien avant la date pr\u00e9vue. Elle a parfaitement su saisir leur essence. Bennie, avec ses grands yeux pleins de curiosit\u00e9, et Jetz, qui explore courageusement tout ce qui l'entoure et se montre espi\u00e8gle. Leurs pelages refl\u00e8tent avec une pr\u00e9cision remarquable leurs motifs et leurs couleurs, ce qui rend le portrait extr\u00eamement r\u00e9aliste. \u00bb <span class=\"\" data-subtree=\"aimfl,mfl\" data-processed=\"true\">\u2014<\/span><em>Norine Meleca, ON<\/em><\/p>\n<h6 class=\"\">______<\/h6>\n<h4 class=\"\" style=\"padding: 0px;\">Schmoops<\/h4>\n<p class=\"\"><a href=\"https:\/\/marthalodge.com\/wp-content\/uploads\/2026\/03\/IMG_6806-scaled.jpg\"><img loading=\"lazy\" decoding=\"async\" class=\"wp-image-262 size-thumbnail\" src=\"https:\/\/marthalodge.com\/wp-content\/uploads\/2026\/03\/IMG_6806-150x150.jpg\" alt=\"Schmoopz\" width=\"150\" height=\"150\" srcset=\"https:\/\/marthalodge.com\/wp-content\/uploads\/2026\/03\/IMG_6806-150x150.jpg 150w, https:\/\/marthalodge.com\/wp-content\/uploads\/2026\/03\/IMG_6806-50x50.jpg 50w\" sizes=\"auto, (max-width: 150px) 100vw, 150px\" \/><\/a><\/p>\n<p class=\"\"><span style=\"color: #999999;\">Peinture \u00e0 l'huile sur carton entoil\u00e9 de 8 \u201c x 10 \u201c.<\/span><\/p>\n<p class=\"\">&#8220;I recently commissioned a pet portrait from Martha Lodge and couldn\u2019t be happier with the experience and the final result. Martha did a wonderful job capturing the likeness of my cat Schmoops and also brought her own artistic expression to the piece, which makes it feel unique and special rather than just a simple copy.<\/p>\n<p class=\"\">La communication et le processus se sont d\u00e9roul\u00e9s sans encombre, et Martha m'a aid\u00e9 \u00e0 trouver la photo id\u00e9ale \u00e0 reproduire sous forme de peinture. Il est \u00e9vident que ce travail a \u00e9t\u00e9 r\u00e9alis\u00e9 avec beaucoup de soin, et le portrait fini est \u00e0 la fois personnel et magnifiquement ex\u00e9cut\u00e9.<\/p>\n<p class=\"\">\u00ab Je n'h\u00e9siterais pas \u00e0 recommander Martha \u00e0 quiconque recherche un portrait d'animal de compagnie \u00e0 la fois \u00e9mouvant et artistique. \u00bb <span class=\"\" data-subtree=\"aimfl,mfl\" data-processed=\"true\">\u2014<\/span><em>Carlos, QC<\/em><\/p>\n<p class=\"\">______<\/p>\n<h4 class=\"\" style=\"padding-top: 0px;\">mr. krankl<\/h4>\n<p class=\"\"><a href=\"https:\/\/marthalodge.com\/wp-content\/uploads\/2026\/04\/IMG_3033-scaled.jpeg\"><img loading=\"lazy\" decoding=\"async\" class=\"wp-image-321 size-thumbnail\" src=\"https:\/\/marthalodge.com\/wp-content\/uploads\/2026\/04\/IMG_3033-150x150.jpeg\" alt=\"Mr. Krankl\" width=\"150\" height=\"150\" srcset=\"https:\/\/marthalodge.com\/wp-content\/uploads\/2026\/04\/IMG_3033-150x150.jpeg 150w, https:\/\/marthalodge.com\/wp-content\/uploads\/2026\/04\/IMG_3033-50x50.jpeg 50w, https:\/\/marthalodge.com\/wp-content\/uploads\/2026\/04\/1_155_360_360.90566037736_IMG_3033-796x1024.jpeg 360w\" sizes=\"auto, (max-width: 150px) 100vw, 150px\" \/><\/a><\/p>\n<p class=\"\"><span style=\"color: #999999;\">Peinture \u00e0 l'huile sur carton entoil\u00e9 de 8 \u201c x 10 \u201c.<\/span><\/p>\n<p class=\"\">\u00ab Ce fut un v\u00e9ritable plaisir de travailler avec Martha. Je lui ai donn\u00e9 une photo de Krankl et je lui ai laiss\u00e9 carte blanche. Je l\u2019ai fait parce que j\u2019avais pleinement confiance en elle : je savais qu\u2019elle ferait un magnifique portrait de mon chat. \u00bb<\/p>\n<p class=\"\">C'\u00e9tait la toute premi\u00e8re fois que je faisais peindre un portrait de mon chat. Martha me tenait toujours au courant de l'avancement de la peinture, en me disant ce qu'elle allait peindre ensuite et quelles seraient les prochaines \u00e9tapes.<\/p>\n<p class=\"\">\u00ab Quand j\u2019ai vu le portrait de mon chat pour la premi\u00e8re fois, j\u2019ai failli verser une petite larme, mais j\u2019ai surtout ressenti une immense joie en voyant \u00e0 quel point elle avait su le capturer \u00e0 la perfection dans ce tableau. Mon chat est d\u00e9c\u00e9d\u00e9 l\u2019ann\u00e9e derni\u00e8re, mais il est toujours pr\u00e9sent dans mes pens\u00e9es et aussi dans ce tableau. Je l\u2019ai accroch\u00e9 chez moi et je le regarde tr\u00e8s souvent. C\u2019est tellement mieux que d\u2019avoir simplement une photo sur mon t\u00e9l\u00e9phone. Je recommanderais Martha sans h\u00e9siter. \u00bb <span class=\"\" data-subtree=\"aimfl,mfl\" data-processed=\"true\">\u2014<\/span><em>Anette, WA<\/em><\/p>\n<h4 class=\"\">______<\/h4>\n<h4 class=\"\" style=\"padding-top: 0px;\">mary<\/h4>\n<p class=\"\"><a href=\"https:\/\/marthalodge.com\/wp-content\/uploads\/2026\/04\/IMG_6126.jpeg\"><img loading=\"lazy\" decoding=\"async\" class=\"wp-image-324 size-thumbnail\" src=\"https:\/\/marthalodge.com\/wp-content\/uploads\/2026\/04\/IMG_6126-150x150.jpeg\" alt=\"Mary\" width=\"150\" height=\"150\" srcset=\"https:\/\/marthalodge.com\/wp-content\/uploads\/2026\/04\/IMG_6126-150x150.jpeg 150w, https:\/\/marthalodge.com\/wp-content\/uploads\/2026\/04\/IMG_6126-50x50.jpeg 50w\" sizes=\"auto, (max-width: 150px) 100vw, 150px\" \/><\/a><\/p>\n<p class=\"\"><span style=\"color: #999999;\">Peinture \u00e0 l'huile et crayon sur papier aquarelle, 5 \" x 7 \".<\/span><\/p>\n<p class=\"\">\u00ab Martha a r\u00e9alis\u00e9 ce portrait de la d\u00e9funte m\u00e8re de mon mari pour son anniversaire. C'\u00e9tait bien s\u00fbr une t\u00e2che d\u00e9licate et intimidante pour Martha, mais elle s'en est acquitt\u00e9e avec le plus grand soin. Insatisfaite de sa premi\u00e8re tentative, elle s'est essay\u00e9e \u00e0 un autre support afin de saisir au mieux l'essence m\u00eame de Mary. Dire que nous avons \u00e9t\u00e9 ravis du r\u00e9sultat serait un euph\u00e9misme ! Martha a su capturer Mary avec tant de beaut\u00e9 et de vivacit\u00e9 que mon mari en a imm\u00e9diatement eu les larmes aux yeux. Nous serons \u00e9ternellement reconnaissants \u00e0 Martha pour ce souvenir tr\u00e8s sp\u00e9cial. \u00bb <span class=\"\" data-subtree=\"aimfl,mfl\" data-processed=\"true\">\u2014<\/span><em>A.Kahn, ON<\/em><\/p>\n<p class=\"\">______<\/p>\n<h4 style=\"padding-top: 0px;\">knitting<\/h4>\n<p><a href=\"https:\/\/marthalodge.com\/wp-content\/uploads\/2026\/04\/E1320B98-889E-456D-9FF5-AEC28E88D460_1_105_c.jpeg\"><img loading=\"lazy\" decoding=\"async\" class=\"wp-image-325 size-thumbnail\" src=\"https:\/\/marthalodge.com\/wp-content\/uploads\/2026\/04\/E1320B98-889E-456D-9FF5-AEC28E88D460_1_105_c-150x150.jpeg\" alt=\"Woman Knitting\" width=\"150\" height=\"150\" srcset=\"https:\/\/marthalodge.com\/wp-content\/uploads\/2026\/04\/E1320B98-889E-456D-9FF5-AEC28E88D460_1_105_c-150x150.jpeg 150w, https:\/\/marthalodge.com\/wp-content\/uploads\/2026\/04\/E1320B98-889E-456D-9FF5-AEC28E88D460_1_105_c-50x50.jpeg 50w\" sizes=\"auto, (max-width: 150px) 100vw, 150px\" \/><\/a><\/p>\n<p class=\"\"><span style=\"color: #999999;\">Peinture \u00e0 l'huile sur carton entoil\u00e9 de 9 \u201c x 12 \u201c.<\/span><\/p>\n<p class=\"\">\u00ab Martha est une artiste vraiment incroyable. Elle poss\u00e8de une capacit\u00e9 extraordinaire \u00e0 saisir non seulement la ressemblance, mais aussi l'esprit de son sujet. Le niveau de d\u00e9tail et le r\u00e9alisme de ce tableau sont exceptionnels, mais l'\u0153uvre d\u00e9gage aussi une telle vitalit\u00e9 qui va bien au-del\u00e0 de la simple reproduction de l'image. Elle rend magnifiquement les textures et la lumi\u00e8re, et j'appr\u00e9cie \u00e9galement beaucoup son utilisation de la couleur. C'est toujours un plaisir de travailler avec Martha, et je recommanderais cette exp\u00e9rience \u00e0 tout le monde ! \u00bb <span class=\"\" data-subtree=\"aimfl,mfl\" data-processed=\"true\">\u2014<\/span><em>A.Kahn, ON<\/em><\/p>\n<p class=\"\">&nbsp;<\/p>\n<p class=\"\">&nbsp;<\/p>\n<\/div>\n<div class=\"boldgrid-section\">\n<div class=\"container\">\n<div class=\"row color-4-text-contrast color4-background-color\" style=\"padding: 0px; margin-right: -250px; margin-left: -250px;\">\n<div class=\"col-lg-12 col-md-12 col-xs-12 col-sm-12\">\n<p style=\"text-align: center;\"><span class=\"T286Pc\" data-sfc-cp=\"\" data-sfc-root=\"c\" data-sfc-cb=\"\">\u00a92026 Martha Lodge. Tous droits r\u00e9serv\u00e9s.&nbsp; <a href=\"https:\/\/marthalodge.com\/fr\/terms-and-conditions\/\">Conditions g\u00e9n\u00e9rales<\/a>&nbsp; |<a href=\"https:\/\/marthalodge.com\/fr\/faqs\/\"> FAQ<\/a><\/span><\/p>\n<\/div>\n<\/div>\n<\/div>\n<\/div>\n<\/div>","protected":false},"excerpt":{"rendered":"<p>&nbsp; Mr. Wilbur Oil paint on 8\u201d x 10\u201d canvas board. &#8220;Martha is an incredible artist who perfectly captured the beauty and magnificence of my two-year-old Pitbull \/ American Bulldog!<\/p>\n<div class=\"read-more\"><a class=\"btn button-secondary\" href=\"https:\/\/marthalodge.com\/fr\/testimonials\/\">Read More<\/a><\/div>","protected":false},"author":1,"featured_media":0,"parent":0,"menu_order":0,"comment_status":"closed","ping_status":"closed","template":"","meta":{"bgseo_title":"","bgseo_description":"","bgseo_robots_index":"index","bgseo_robots_follow":"follow","footnotes":""},"class_list":["post-310","page","type-page","status-publish"],"jetpack_sharing_enabled":true,"_links":{"self":[{"href":"https:\/\/marthalodge.com\/fr\/wp-json\/wp\/v2\/pages\/310","targetHints":{"allow":["GET"]}}],"collection":[{"href":"https:\/\/marthalodge.com\/fr\/wp-json\/wp\/v2\/pages"}],"about":[{"href":"https:\/\/marthalodge.com\/fr\/wp-json\/wp\/v2\/types\/page"}],"author":[{"embeddable":true,"href":"https:\/\/marthalodge.com\/fr\/wp-json\/wp\/v2\/users\/1"}],"replies":[{"embeddable":true,"href":"https:\/\/marthalodge.com\/fr\/wp-json\/wp\/v2\/comments?post=310"}],"version-history":[{"count":15,"href":"https:\/\/marthalodge.com\/fr\/wp-json\/wp\/v2\/pages\/310\/revisions"}],"predecessor-version":[{"id":711,"href":"https:\/\/marthalodge.com\/fr\/wp-json\/wp\/v2\/pages\/310\/revisions\/711"}],"wp:attachment":[{"href":"https:\/\/marthalodge.com\/fr\/wp-json\/wp\/v2\/media?parent=310"}],"curies":[{"name":"wp","href":"https:\/\/api.w.org\/{rel}","templated":true}]}}