{"id":497,"date":"2026-04-13T13:37:13","date_gmt":"2026-04-13T13:37:13","guid":{"rendered":"https:\/\/marthalodge.com\/?page_id=497"},"modified":"2026-04-30T14:58:50","modified_gmt":"2026-04-30T14:58:50","slug":"terms-and-conditions","status":"publish","type":"page","link":"https:\/\/marthalodge.com\/fr\/terms-and-conditions\/","title":{"rendered":"Conditions g\u00e9n\u00e9rales"},"content":{"rendered":"<div class=\"boldgrid-section\">\n<div class=\"container\"><\/div>\n<\/div>\n<div class=\"boldgrid-section\">\n<div class=\"container\">\n<div class=\"row\">\n<div class=\"col-lg-12 col-md-12 col-xs-12 col-sm-12\">\n<h4 class=\"\">Proc\u00e9dure<\/h4>\n<p>Apr\u00e8s avoir s\u00e9lectionn\u00e9 le format et la cat\u00e9gorie de votre choix, veuillez t\u00e9l\u00e9charger la photo sur laquelle vous souhaitez que je travaille. Si vous envoyez plusieurs images, je s\u00e9lectionnerai celle qui se pr\u00eatera le mieux \u00e0 la r\u00e9alisation d'une peinture.<br \/>\nD\u00e8s r\u00e9ception de votre commande, je vous enverrai une demande de virement Interac (Canada) ou de virement PayPal (les frais de virement \u00e9ventuels sont \u00e0 la charge du client).<\/p>\n<p class=\"\">\u2e3b<\/p>\n<h4>Style artistique et approche<\/h4>\n<p class=\"\">Mon style combine des textures libres et expressives avec un r\u00e9alisme aux d\u00e9tails fins, certaines zones \u00e9tant laiss\u00e9es volontairement suggestives plut\u00f4t que tr\u00e8s d\u00e9taill\u00e9es. Cette approche se refl\u00e9tera dans le portrait de votre animal. Les arri\u00e8re-plans sont peints dans un style simple et impressionniste. Les d\u00e9cisions finales concernant la composition et l'interpr\u00e9tation artistique restent \u00e0 l'appr\u00e9ciation de l'artiste. Pour voir d'autres exemples de mon travail, veuillez consulter :<\/p>\n<p>www.marthalodge.com\/fr\/portfolios<\/p>\n<p>\u2e3b<\/p>\n<h4>Dimensions et tarifs<\/h4>\n<p class=\"\">Je r\u00e9alise des portraits \u00e0 l'huile sur commande dans diff\u00e9rentes dimensions. Chaque \u0153uvre est cr\u00e9\u00e9e \u00e0 partir de vos photos de r\u00e9f\u00e9rence et vise \u00e0 rendre la ressemblance, la pr\u00e9sence et les d\u00e9tails subtils.<\/p>\n<p class=\"\">Je propose une s\u00e9lection de dimensions et de tarifs fixes. Je suis \u00e9galement dispos\u00e9e \u00e0 discuter de la possibilit\u00e9 de r\u00e9aliser des portraits en pied plus grands, dont le prix d\u00e9pendra de la taille et du niveau de d\u00e9tail. N'h\u00e9sitez pas \u00e0 me contacter pour en discuter.<\/p>\n<p class=\"\">Les peintures sont r\u00e9alis\u00e9es \u00e0 l'huile de qualit\u00e9 professionnelle sur des panneaux de toile. L'encadrement n'est pas fourni.<\/p>\n<p class=\"\">&nbsp;<\/p>\n<h6 class=\"\">1 SUJET (ANIMAL OU PERSONNE)<br><\/h6>\n<p class=\"\">5 \" x 7 \", t\u00eate et \u00e9paules, 275 $<br \/>\n8 \" x 10 \", t\u00eate et \u00e9paules, 425 $<br \/>\n11 \" x 14 \", t\u00eate et \u00e9paules ou corps partiel, 625 $<br \/>\n16 \" x 20 \", corps partiel ou entier, 775 $<br><\/p>\n<p class=\"\">&nbsp;<\/p>\n<h6 class=\"\">2 SUJETS (ANIMAL DE COMPAGNIE OU PERSONNE)<br><\/h6>\n<p class=\"\">11 \" x 14 \", t\u00eate et \u00e9paules ou corps partiel, 875 $<br \/>\n16 \" x 20, t\u00eate et \u00e9paules, corps partiel ou entier, 1075 $<br><\/p>\n<p class=\"\">&nbsp;<\/p>\n<p>\u2e3b<\/p>\n<h4>Consignes relatives aux photos<\/h4>\n<p class=\"\">Please provide a clear, high-resolution photograph with the person or pet in sharp focus and an unobstructed view of their face and features. Natural lighting is always helpful. I\u2019m unable to work from blurry, low-resolution, heavily filtered, or partially obstructed images, as the quality of the reference directly affects the finished painting. If I feel a photograph is unsuitable, I will let you know and request an alternative.<\/p>\n<p class=\"\">Please note: one subject per painting. Separate pricing for two.<\/p>\n<p class=\"\">\u2e3b<\/p>\n<h4>Droits sur les photos du client<\/h4>\n<p>En soumettant une photographie, le client confirme qu'il dispose de l'autorisation d'utiliser l'image comme r\u00e9f\u00e9rence.<\/p>\n<p class=\"\">\u2e3b<\/p>\n<h4>Paiement et d\u00e9but de la commande<\/h4>\n<p>Le travail sur votre portrait command\u00e9 commencera d\u00e8s r\u00e9ception du paiement int\u00e9gral, frais d'exp\u00e9dition compris. Merci de votre compr\u00e9hension et de votre soutien.<\/p>\n<p class=\"\">\u2e3b<\/p>\n<h4>D\u00e9lais<\/h4>\n<p class=\"\">Veuillez pr\u00e9voir un d\u00e9lai de 4 \u00e0 6 semaines \u00e0 compter du d\u00e9but de la r\u00e9alisation de la peinture.<\/p>\n<p>Une fois la peinture termin\u00e9e, vous recevrez une photo par e-mail pour validation avant l'exp\u00e9dition. Veuillez noter que les retouches ne sont pas comprises dans le prix indiqu\u00e9 et que les \u0153uvres command\u00e9es ne peuvent \u00eatre retourn\u00e9es.<\/p>\n<p>\u2e3b<\/p>\n<h4 class=\"\">Exp\u00e9dition<\/h4>\n<p class=\"\">Les peintures sont exp\u00e9di\u00e9es par Postes Canada avec suivi.<br \/>\nLes frais d'exp\u00e9dition s'\u00e9l\u00e8vent \u00e0 25 $ et ne sont disponibles qu'au Canada et aux \u00c9tats-Unis. Des frais de douane s'ajouteront au prix de l'exp\u00e9dition pour les \u00c9tats-Unis.<\/p>\n<p>\u2e3b<\/p>\n<h4 class=\"\">Don caritatif<\/h4>\n<p class=\"\">Dans le cas o\u00f9 ma commande est destin\u00e9e \u00e0 un don caritatif, le paiement int\u00e9gral, frais d'exp\u00e9dition compris, est exig\u00e9 \u00e0 l'avance et sera ensuite vers\u00e9 par mes soins (moins les frais d'exp\u00e9dition) directement \u00e0 l'organisme caritatif.<\/p>\n<p class=\"\">\u2e3b<\/p>\n<h4 class=\"\">Annulation \/ Remboursement<\/h4>\n<p class=\"\">Aucun remboursement ne sera effectu\u00e9 une fois le travail commenc\u00e9. Les annulations sont accept\u00e9es jusqu\u2019\u00e0 24 heures apr\u00e8s l\u2019achat, avant le d\u00e9but de la r\u00e9alisation de la peinture. Les frais de virement bancaire \u00e9ventuels seront d\u00e9duits du montant rembours\u00e9.<\/p>\n<p>\u2e3b<\/p>\n<h4>Modifications et retours<\/h4>\n<p class=\"\">Veuillez noter que les modifications ne sont pas comprises dans le prix de la commande et que toutes les \u0153uvres command\u00e9es ne peuvent \u00eatre retourn\u00e9es. Des ajustements tr\u00e8s mineurs PEUVENT parfois \u00eatre effectu\u00e9s \u00e0 la discr\u00e9tion de l\u2019artiste.<\/p>\n<p>\u2e3b<\/p>\n<h4>Dommages pendant le transport<\/h4>\n<p>Martha Lodge n'est pas responsable, financi\u00e8rement ou autrement, de toute perte ou de tout dommage subi par la peinture une fois celle-ci exp\u00e9di\u00e9e.<\/p>\n<p>\u2e3b<\/p>\n<h4>Droits d'auteur et utilisation<\/h4>\n<p>Toutes les \u0153uvres d'art et images pr\u00e9sentes sur ce site sont la propri\u00e9t\u00e9 exclusive de Martha Lodge et sont prot\u00e9g\u00e9es par la Loi sur le droit d'auteur (Canada).<\/p>\n<p>Les images ne peuvent \u00eatre reproduites, copi\u00e9es, transmises ou modifi\u00e9es sans l'autorisation \u00e9crite de Martha Lodge. Tous droits r\u00e9serv\u00e9s.<\/p>\n<p>L'artiste d\u00e9tient tous les droits, titres et int\u00e9r\u00eats n\u00e9cessaires sur l'\u0153uvre d'art, y compris, mais sans s'y limiter, les droits d'auteur et tous les droits de propri\u00e9t\u00e9 intellectuelle qui s'y rapportent.<\/p>\n<p class=\"\">L'artiste se r\u00e9serve le droit d'utiliser, de reproduire, d'exposer et\/ou de distribuer l'\u0153uvre \u00e0 des fins de promotion, sur les r\u00e9seaux sociaux et dans son portfolio<\/p>\n<p>La propri\u00e9t\u00e9 de la peinture physique n'implique pas le transfert des droits d'auteur. L'artiste conserve tous les droits sur l'image, y compris les droits de reproduction et d'utilisation. Le client ne peut reproduire ou utiliser l'\u0153uvre \u00e0 des fins commerciales sans l'autorisation \u00e9crite pr\u00e9alable de l'artiste.<\/p>\n<p>\u2e3b<\/p>\n<p class=\"\">&nbsp;<\/p>\n<\/div>\n<\/div>\n<div class=\"row color-4-text-contrast color4-background-color\" style=\"padding: 0px; margin-right: -250px; margin-left: -250px;\">\n<div class=\"col-lg-12 col-md-12 col-xs-12 col-sm-12\">\n<p style=\"text-align: center;\"><span class=\"T286Pc\" data-sfc-cp=\"\" data-sfc-root=\"c\" data-sfc-cb=\"\">\u00a92026 Martha Lodge. Tous droits r\u00e9serv\u00e9s.&nbsp; <a href=\"https:\/\/marthalodge.com\/fr\/terms-and-conditions\/\">Conditions g\u00e9n\u00e9rales<\/a>&nbsp; |<a href=\"https:\/\/marthalodge.com\/fr\/faqs\/\"> FAQ<\/a><\/span><\/p>\n<\/div>\n<\/div>\n<\/div>\n<\/div>","protected":false},"excerpt":{"rendered":"<p>Process After selecting and your preferred size and category, please upload the photograph you would like me to work from. If you send multiple images, I will select the one<\/p>\n<div class=\"read-more\"><a class=\"btn button-secondary\" href=\"https:\/\/marthalodge.com\/fr\/terms-and-conditions\/\">Read More<\/a><\/div>","protected":false},"author":1,"featured_media":0,"parent":0,"menu_order":0,"comment_status":"closed","ping_status":"closed","template":"","meta":{"bgseo_title":"","bgseo_description":"","bgseo_robots_index":"index","bgseo_robots_follow":"follow","footnotes":""},"class_list":["post-497","page","type-page","status-publish"],"jetpack_sharing_enabled":true,"_links":{"self":[{"href":"https:\/\/marthalodge.com\/fr\/wp-json\/wp\/v2\/pages\/497","targetHints":{"allow":["GET"]}}],"collection":[{"href":"https:\/\/marthalodge.com\/fr\/wp-json\/wp\/v2\/pages"}],"about":[{"href":"https:\/\/marthalodge.com\/fr\/wp-json\/wp\/v2\/types\/page"}],"author":[{"embeddable":true,"href":"https:\/\/marthalodge.com\/fr\/wp-json\/wp\/v2\/users\/1"}],"replies":[{"embeddable":true,"href":"https:\/\/marthalodge.com\/fr\/wp-json\/wp\/v2\/comments?post=497"}],"version-history":[{"count":12,"href":"https:\/\/marthalodge.com\/fr\/wp-json\/wp\/v2\/pages\/497\/revisions"}],"predecessor-version":[{"id":731,"href":"https:\/\/marthalodge.com\/fr\/wp-json\/wp\/v2\/pages\/497\/revisions\/731"}],"wp:attachment":[{"href":"https:\/\/marthalodge.com\/fr\/wp-json\/wp\/v2\/media?parent=497"}],"curies":[{"name":"wp","href":"https:\/\/api.w.org\/{rel}","templated":true}]}}