{"id":499,"date":"2026-04-13T13:34:30","date_gmt":"2026-04-13T13:34:30","guid":{"rendered":"https:\/\/marthalodge.com\/?page_id=499"},"modified":"2026-04-29T17:57:01","modified_gmt":"2026-04-29T17:57:01","slug":"faqs","status":"publish","type":"page","link":"https:\/\/marthalodge.com\/fr\/faqs\/","title":{"rendered":"FAQ"},"content":{"rendered":"<div class=\"boldgrid-section\">\n<div class=\"container\"><\/div>\n<\/div>\n<div class=\"boldgrid-section\">\n<div class=\"container\">\n<div class=\"row\">\n<div class=\"col-lg-12 col-md-12 col-xs-12 col-sm-12\">\n<h4 class=\"\">Quelles sont les dimensions et le prix d'une commande sur mesure ?<\/h4>\n<p class=\"\">Je r\u00e9alise des portraits \u00e0 l'huile sur commande dans diff\u00e9rentes dimensions. Chaque \u0153uvre est cr\u00e9\u00e9e \u00e0 partir de vos photos de r\u00e9f\u00e9rence et vise \u00e0 rendre la ressemblance, la pr\u00e9sence et les d\u00e9tails subtils.<\/p>\n<p class=\"\">Je propose une s\u00e9lection de formats et de tarifs fixes ; les portraits sont peints \u00e0 l'huile de qualit\u00e9 professionnelle sur un carton entoil\u00e9. <a href=\"https:\/\/marthalodge.com\/fr\/contact-me\/\">contact me<\/a> to discuss.<\/p>\n<p>&nbsp;<\/p>\n<h6>1 SUJET (ANIMAL OU PERSONNE)<br><\/h6>\n<p class=\"\">5 \" x 7 \", t\u00eate et \u00e9paules, 275 $<br \/>\n8 \" x 10 \", t\u00eate et \u00e9paules, 425 $<br \/>\n11 \" x 14 \", t\u00eate et \u00e9paules ou corps partiel, 625 $<br \/>\n16 \" x 20 \", corps partiel ou entier, 775 $<br><\/p>\n<p class=\"\">&nbsp;<\/p>\n<h6 class=\"\">2 SUJETS (ANIMAL DE COMPAGNIE OU PERSONNE)<br><\/h6>\n<p class=\"\">11 \" x 14 \", t\u00eate et \u00e9paules ou corps partiel, 875 $<br \/>\n16 \" x 20, t\u00eate et \u00e9paules, corps partiel ou entier, 1075 $<br><\/p>\n<p class=\"\">______<\/p>\n<h4 class=\"\">Quel type de photo dois-je fournir ?<\/h4>\n<p class=\"\">Une photo nette et haute r\u00e9solution de la personne ou de l'animal, bien mise au point et montrant clairement ses traits, me permettra d'obtenir le plus beau r\u00e9sultat possible. Un \u00e9clairage naturel est toujours id\u00e9al. Si une image ne convient pas, je vous aiderai \u00e0 en choisir une meilleure.<\/p>\n<p class=\"\">\u2e3b<\/p>\n<h4 class=\"\">Pouvez-vous travailler \u00e0 partir de plusieurs photos ?<\/h4>\n<p class=\"\">Je peux me r\u00e9f\u00e9rer \u00e0 des images suppl\u00e9mentaires si cela s'av\u00e8re utile, mais chaque portrait est soigneusement compos\u00e9 \u00e0 partir d'une seule photo principale.<\/p>\n<p>\u2e3b<\/p>\n<h4 class=\"\">Combien d'animaux peuvent figurer sur un m\u00eame tableau ?<\/h4>\n<p class=\"\">Chaque portrait est cr\u00e9\u00e9 pour un seul animal. Si vous souhaitez plusieurs sujets, je serai ravie de r\u00e9aliser une \u0153uvre sur mesure, dont le prix sera calcul\u00e9 s\u00e9par\u00e9ment.<\/p>\n<p>\u2e3b<\/p>\n<h4 class=\"\">Quel est votre style de peinture ?<\/h4>\n<p class=\"\">Mon travail allie des textures libres et expressives \u00e0 un r\u00e9alisme aux d\u00e9tails fins. Certaines zones sont volontairement laiss\u00e9es floues et suggestives, ce qui donne \u00e0 l'\u0153uvre un aspect vivant et pictural. Les arri\u00e8re-plans sont simples et impressionnistes, afin que votre animal reste au centre de l'attention. Chaque \u0153uvre est interpr\u00e9t\u00e9e avec soin et intuition artistique.<\/p>\n<p class=\"\">\u2e3b<\/p>\n<h4>Combien de temps faut-il pour r\u00e9aliser une commande ?<\/h4>\n<p>Veuillez pr\u00e9voir environ 4 \u00e0 6 semaines \u00e0 compter du d\u00e9but de la r\u00e9alisation de votre peinture.<\/p>\n<p class=\"\">\u2e3b<\/p>\n<h4 class=\"\">Quand le travail commence-t-il ?<\/h4>\n<p class=\"\">Votre portrait est r\u00e9serv\u00e9 et la r\u00e9alisation commence d\u00e8s r\u00e9ception du paiement int\u00e9gral, frais d'exp\u00e9dition compris.<\/p>\n<p class=\"\">\u2e3b<\/p>\n<h4>Vais-je voir le tableau avant son exp\u00e9dition ?<\/h4>\n<p class=\"\">Oui, vous recevrez une photo de l'\u0153uvre termin\u00e9e pour validation avant qu'elle ne soit soigneusement emball\u00e9e et envoy\u00e9e.<\/p>\n<p class=\"\">\u2e3b<\/p>\n<h4 class=\"\">Puis-je demander des modifications ?<\/h4>\n<p class=\"\">Chaque tableau est cr\u00e9\u00e9 avec beaucoup de soin et d'intention. Pour cette raison, les retouches ne sont pas incluses dans le processus de commande.<\/p>\n<p class=\"\">\u2e3b<\/p>\n<h4>Acceptez-vous les retours ?<\/h4>\n<p class=\"\">Comme chaque \u0153uvre est r\u00e9alis\u00e9e sur mesure, les tableaux command\u00e9s ne peuvent pas \u00eatre retourn\u00e9s.<\/p>\n<p class=\"\">\u2e3b<\/p>\n<h4 class=\"\">Combien co\u00fbte l'exp\u00e9dition et o\u00f9 exp\u00e9diez-vous ?<\/h4>\n<p class=\"\">Shipping is $25 via tracked Canada Post delivery, available within Canada and the United States. Duty fees will be added to the shipping amount for items sent to the United States.<\/p>\n<p class=\"\">\u2e3b<\/p>\n<h4 class=\"\">Que se passe-t-il si ma commande est destin\u00e9e \u00e0 un don caritatif ?<\/h4>\n<p class=\"\">Je suis honor\u00e9e de contribuer \u00e0 des causes caritatives. Dans ce cas, le paiement int\u00e9gral est effectu\u00e9 \u00e0 l'avance et revers\u00e9 directement \u00e0 l'organisme caritatif. Le montant de la commande est vers\u00e9 en totalit\u00e9, seuls les frais d'exp\u00e9dition sont pay\u00e9s s\u00e9par\u00e9ment.<\/p>\n<p class=\"\">\u2e3b<\/p>\n<h4 class=\"\">\u00c0 qui appartiennent l'\u0153uvre d'art et les droits d'auteur ?<\/h4>\n<p class=\"\">La peinture originale vous appartient et vous pouvez la ch\u00e9rir. En tant qu'artiste, je conserve les droits d'auteur et tous les droits de reproduction de l'image, ce qui signifie qu'elle ne peut \u00eatre reproduite ou utilis\u00e9e \u00e0 des fins commerciales sans autorisation.<\/p>\n<p class=\"\">\u2e3b<\/p>\n<h4>Partagerez-vous mon portrait publiquement ?<\/h4>\n<p class=\"\">Je peux partager votre portrait dans le cadre de mon portfolio ou \u00e0 des fins promotionnelles, toujours dans le respect de l'\u0153uvre et du sujet.<\/p>\n<p class=\"\">\u2e3b<\/p>\n<h4>Ai-je besoin d'une autorisation pour utiliser la photo de r\u00e9f\u00e9rence ?<\/h4>\n<p class=\"\">Oui \u2014 en fournissant une photographie, vous confirmez que vous avez l'autorisation de l'utiliser comme r\u00e9f\u00e9rence pour votre portrait<\/p>\n<\/div>\n<\/div>\n<div class=\"row\" style=\"padding: 0px; margin-right: -250px; margin-left: -250px;\">\n<div class=\"col-lg-12 col-md-12 col-xs-12 col-sm-12\">\n<div class=\"row\" data-wp-editing=\"1\" style=\"text-align: center;\"><\/div>\n<div class=\"row color-4-text-contrast color4-background-color\">\n<div class=\"col-lg-12 col-md-12 col-xs-12 col-sm-12\">\n<p class=\"\" style=\"text-align: center;\"><span class=\"T286Pc\" data-sfc-cp=\"\" data-sfc-root=\"c\" data-sfc-cb=\"\">\u00a92026 Martha Lodge. Tous droits r\u00e9serv\u00e9s.&nbsp; <a href=\"https:\/\/marthalodge.com\/fr\/terms-and-conditions\/\">Conditions g\u00e9n\u00e9rales<\/a>&nbsp; |<a href=\"https:\/\/marthalodge.com\/fr\/faqs\/\"> FAQ<\/a><\/span><\/p>\n<\/div>\n<\/div>\n<\/div>\n<\/div>\n<\/div>\n<\/div>","protected":false},"excerpt":{"rendered":"<p>What are the size and price of a custom commission? Custom oil portraits are available by commission in a range of sizes. Each piece is created from your reference photos<\/p>\n<div class=\"read-more\"><a class=\"btn button-secondary\" href=\"https:\/\/marthalodge.com\/fr\/faqs\/\">Read More<\/a><\/div>","protected":false},"author":1,"featured_media":0,"parent":0,"menu_order":0,"comment_status":"closed","ping_status":"closed","template":"","meta":{"bgseo_title":"","bgseo_description":"","bgseo_robots_index":"index","bgseo_robots_follow":"follow","footnotes":""},"class_list":["post-499","page","type-page","status-publish"],"jetpack_sharing_enabled":true,"_links":{"self":[{"href":"https:\/\/marthalodge.com\/fr\/wp-json\/wp\/v2\/pages\/499","targetHints":{"allow":["GET"]}}],"collection":[{"href":"https:\/\/marthalodge.com\/fr\/wp-json\/wp\/v2\/pages"}],"about":[{"href":"https:\/\/marthalodge.com\/fr\/wp-json\/wp\/v2\/types\/page"}],"author":[{"embeddable":true,"href":"https:\/\/marthalodge.com\/fr\/wp-json\/wp\/v2\/users\/1"}],"replies":[{"embeddable":true,"href":"https:\/\/marthalodge.com\/fr\/wp-json\/wp\/v2\/comments?post=499"}],"version-history":[{"count":13,"href":"https:\/\/marthalodge.com\/fr\/wp-json\/wp\/v2\/pages\/499\/revisions"}],"predecessor-version":[{"id":729,"href":"https:\/\/marthalodge.com\/fr\/wp-json\/wp\/v2\/pages\/499\/revisions\/729"}],"wp:attachment":[{"href":"https:\/\/marthalodge.com\/fr\/wp-json\/wp\/v2\/media?parent=499"}],"curies":[{"name":"wp","href":"https:\/\/api.w.org\/{rel}","templated":true}]}}