{"id":620,"date":"2026-04-28T15:54:24","date_gmt":"2026-04-28T15:54:24","guid":{"rendered":"https:\/\/marthalodge.com\/?page_id=620"},"modified":"2026-04-28T23:23:53","modified_gmt":"2026-04-28T23:23:53","slug":"commissions","status":"publish","type":"page","link":"https:\/\/marthalodge.com\/fr\/commissions\/","title":{"rendered":"Commissions"},"content":{"rendered":"<div class=\"boldgrid-section\">\n<div class=\"container\"><\/div>\n<\/div>\n<div class=\"boldgrid-section\">\n<div class=\"container\"><span style=\"color: #5c6a62; font-family: 'Julius Sans One'; font-size: 33px; text-transform: uppercase; -webkit-text-size-adjust: 100%;\">pet portraits<\/span><\/div>\n<\/div>\n<div class=\"boldgrid-section\">\n<div class=\"container\">\n<div class=\"row\" style=\"padding-top: 5px; padding-bottom: 10px;\">\n<div class=\"col-lg-6 col-md-6 col-sm-6 col-xs-12\">\n<p class=\"\"><a href=\"https:\/\/marthalodge.com\/wp-content\/uploads\/2026\/03\/cropped-IMG_5428.jpeg\"><img loading=\"lazy\" decoding=\"async\" class=\"alignnone wp-image-286 size-thumbnail\" src=\"https:\/\/marthalodge.com\/wp-content\/uploads\/2026\/03\/cropped-IMG_5428-150x150.jpeg\" alt=\"Tobi\" width=\"150\" height=\"150\" srcset=\"https:\/\/marthalodge.com\/wp-content\/uploads\/2026\/03\/cropped-IMG_5428-150x150.jpeg 150w, https:\/\/marthalodge.com\/wp-content\/uploads\/2026\/03\/cropped-IMG_5428-50x50.jpeg 50w\" sizes=\"auto, (max-width: 150px) 100vw, 150px\" \/><\/a><\/p>\n<p class=\"\">Rendez hommage \u00e0 votre compagnon bien-aim\u00e9 avec un portrait personnalis\u00e9, peint \u00e0 la main \u00e0 l'huile. R\u00e9alis\u00e9e \u00e0 partir de votre photo pr\u00e9f\u00e9r\u00e9e, chaque \u0153uvre est con\u00e7ue pour capturer la personnalit\u00e9 et l'esprit uniques de votre chien, de votre chat ou de tout autre animal qui vous est cher, dans un style pictural et expressif.<\/p>\n<p class=\"\">A custom portrait makes a thoughtful gift for animal lovers or a meaningful way to honour and remember a much-loved companion.<\/p>\n<table class=\"bg-table table hide-header table-responsive-xs table-responsive-sm table-borderless\" data-num-cols=\"2\" data-num-rows=\"1\">\n<tbody>\n<tr data-row=\"1\">\n<td class=\"\" style=\"text-align: left;\" data-label=\"\"><a class=\"btn-color-1 btn btn-raised btn-large\" href=\"https:\/\/marthalodge.com\/fr\/contact-me\/\">Contact<\/a><\/td>\n<td class=\"\" style=\"text-align: left;\" data-label=\"\"><a class=\"btn-color-1 btn btn-raised btn-large\" href=\"https:\/\/marthalodge.com\/fr\/faqs\/\">FAQs<\/a><\/td>\n<\/tr>\n<\/tbody>\n<\/table>\n<p class=\"mod-reset\">&nbsp;<\/p>\n<\/div>\n<div class=\"col-lg-6 col-md-6 col-sm-6 col-xs-12\">\n<h3 class=\"\">portrait d'une personne<\/h3>\n<p class=\"\"><a href=\"https:\/\/marthalodge.com\/wp-content\/uploads\/2026\/04\/IMG_6583-1-scaled.jpeg\"><img loading=\"lazy\" decoding=\"async\" class=\"alignnone wp-image-626 size-thumbnail\" src=\"https:\/\/marthalodge.com\/wp-content\/uploads\/2026\/04\/IMG_6583-1-150x150.jpeg\" alt=\"\" width=\"150\" height=\"150\" srcset=\"https:\/\/marthalodge.com\/wp-content\/uploads\/2026\/04\/IMG_6583-1-150x150.jpeg 150w, https:\/\/marthalodge.com\/wp-content\/uploads\/2026\/04\/IMG_6583-1-50x50.jpeg 50w\" sizes=\"auto, (max-width: 150px) 100vw, 150px\" \/><\/a><\/p>\n<p class=\"\">Rendez hommage \u00e0 vos proches gr\u00e2ce \u00e0 un portrait sur mesure, peint \u00e0 la main \u00e0 l'huile. \u00c0 partir de la photo que vous aurez choisie, je cherche \u00e0 aller au-del\u00e0 de la simple ressemblance : je m'attache \u00e0 capturer la pr\u00e9sence, l'expression et les d\u00e9tails subtils qui refl\u00e8tent leur personnalit\u00e9.<\/p>\n<p class=\"\">Each painting is created with care and sensitivity, whether as a meaningful gift or a lasting way to honour a loved one and preserve a moment in time.<\/p>\n<table class=\"bg-table table hide-header table-responsive-xs table-responsive-sm table-borderless\" data-num-cols=\"2\" data-num-rows=\"1\" data-row-borders-style=\"none\" data-column-borders-style=\"none\">\n<tbody>\n<tr data-row=\"1\">\n<td class=\"\" style=\"border-style: none;\" data-label=\"\"><a class=\"btn-color-1 btn btn-raised btn-large\" href=\"https:\/\/marthalodge.com\/fr\/contact-me\/\">Contact<\/a><\/td>\n<td class=\"\" style=\"border-style: none;\" data-label=\"\"><a class=\"btn btn-raised btn-large btn-color-1\" style=\"box-shadow: rgba(102, 102, 102, 0.35) 0px 1px 2px 0px inset;\" href=\"https:\/\/marthalodge.com\/fr\/faqs\/\">FAQs<\/a><\/td>\n<\/tr>\n<\/tbody>\n<\/table>\n<p class=\"mod-reset\">&nbsp;<\/p>\n<\/div>\n<\/div>\n<\/div>\n<\/div>\n<div class=\"boldgrid-section\">\n<div class=\"container\">\n<div class=\"row\">\n<div class=\"col-md-12 col-xs-12 col-sm-12 col-lg-12\"><\/div>\n<\/div>\n<\/div>\n<\/div>\n<div class=\"boldgrid-section\">\n<div class=\"container\">\n<div class=\"row\">\n<div class=\"col-md-12 col-xs-12 col-sm-12 col-lg-12\"><\/div>\n<\/div>\n<\/div>\n<\/div>\n<div class=\"boldgrid-section\">\n<div class=\"container\">\n<div class=\"row\">\n<div class=\"col-md-12 col-xs-12 col-sm-12 col-lg-12\"><\/div>\n<\/div>\n<\/div>\n<\/div>\n<div class=\"boldgrid-section\">\n<div class=\"container\">\n<div class=\"row\" data-wp-editing=\"1\"><\/div>\n<div class=\"row color-4-text-contrast color4-background-color\" style=\"padding: 9px 0px 0px; margin-right: -250px; margin-left: -250px;\">\n<div class=\"col-lg-12 col-md-12 col-xs-12 col-sm-12\">\n<p class=\"\" style=\"text-align: center;\"><span class=\"T286Pc\" data-sfc-cp=\"\" data-sfc-root=\"c\" data-sfc-cb=\"\">\u00a92026 Martha Lodge. Tous droits r\u00e9serv\u00e9s.&nbsp; <a href=\"https:\/\/marthalodge.com\/fr\/terms-and-conditions\/\">Conditions g\u00e9n\u00e9rales<\/a>&nbsp; |<a href=\"https:\/\/marthalodge.com\/fr\/faqs\/\"> FAQ<\/a><\/span><\/p>\n<\/div>\n<\/div>\n<\/div>\n<\/div>","protected":false},"excerpt":{"rendered":"<p>pet portraits Celebrate your beloved companion with a custom pet portrait, hand-painted in oils. Created from your favourite photograph, each piece is designed to capture the unique personality and spirit<\/p>\n<div class=\"read-more\"><a class=\"btn button-secondary\" href=\"https:\/\/marthalodge.com\/fr\/commissions\/\">Read More<\/a><\/div>","protected":false},"author":1,"featured_media":0,"parent":0,"menu_order":0,"comment_status":"closed","ping_status":"closed","template":"","meta":{"bgseo_title":"","bgseo_description":"","bgseo_robots_index":"index","bgseo_robots_follow":"follow","footnotes":""},"class_list":["post-620","page","type-page","status-publish"],"jetpack_sharing_enabled":true,"_links":{"self":[{"href":"https:\/\/marthalodge.com\/fr\/wp-json\/wp\/v2\/pages\/620","targetHints":{"allow":["GET"]}}],"collection":[{"href":"https:\/\/marthalodge.com\/fr\/wp-json\/wp\/v2\/pages"}],"about":[{"href":"https:\/\/marthalodge.com\/fr\/wp-json\/wp\/v2\/types\/page"}],"author":[{"embeddable":true,"href":"https:\/\/marthalodge.com\/fr\/wp-json\/wp\/v2\/users\/1"}],"replies":[{"embeddable":true,"href":"https:\/\/marthalodge.com\/fr\/wp-json\/wp\/v2\/comments?post=620"}],"version-history":[{"count":14,"href":"https:\/\/marthalodge.com\/fr\/wp-json\/wp\/v2\/pages\/620\/revisions"}],"predecessor-version":[{"id":708,"href":"https:\/\/marthalodge.com\/fr\/wp-json\/wp\/v2\/pages\/620\/revisions\/708"}],"wp:attachment":[{"href":"https:\/\/marthalodge.com\/fr\/wp-json\/wp\/v2\/media?parent=620"}],"curies":[{"name":"wp","href":"https:\/\/api.w.org\/{rel}","templated":true}]}}