{"id":98,"date":"2023-03-13T17:59:20","date_gmt":"2023-03-13T17:59:20","guid":{"rendered":"https:\/\/marthalodge.com\/home\/"},"modified":"2026-04-28T19:52:22","modified_gmt":"2026-04-28T19:52:22","slug":"home","status":"publish","type":"page","link":"https:\/\/marthalodge.com\/fr\/","title":{"rendered":"Accueil"},"content":{"rendered":"<div class=\"boldgrid-section\" style=\"color: #000000; background-size: cover; background-position: 50% 50%; background-repeat: repeat; background-image: url('https:\/\/marthalodge.com\/wp-content\/uploads\/2026\/04\/IMG_4745-scaled.jpeg');\" data-image-url=\"https:\/\/marthalodge.com\/wp-content\/uploads\/2026\/04\/IMG_4745-scaled.jpeg\" data-imhwpb-asset-id=\"1175084\" data-bg-color=\"\">\n<div class=\"container\">\n<div class=\"row\" style=\"padding-top: 121px; padding-bottom: 140px;\">\n<div class=\"col-lg-12 col-md-12 col-xs-12 col-sm-12\"><span style=\"color: #5c6a62; font-family: 'Julius Sans One'; font-size: 24px; text-transform: uppercase; -webkit-text-size-adjust: 100%;\">&#8220;<\/span><\/div>\n<\/div>\n<\/div>\n<\/div>\n<div class=\"boldgrid-section\">\n<div class=\"container\">\n<div class=\"row\" style=\"padding-top: 42px; padding-bottom: 0px;\">\n<div class=\"col-lg-12 col-md-12 col-xs-12 col-sm-12\">\n<h3 class=\"\">D\u00e9claration de l'artiste<\/h3>\n<p class=\"\">Je suis portraitiste et je travaille \u00e0 l'huile ; je cherche avant tout \u00e0 rendre compte d'une pr\u00e9sence sereine et d'une connexion.<\/p>\n<p class=\"\">&nbsp;<\/p>\n<p class=\"\"><a class=\"btn-color-1 btn btn-raised btn-large\" href=\"https:\/\/marthalodge.com\/fr\/contact-me\/\">Contact<\/a><\/p>\n<\/div>\n<\/div>\n<div class=\"row\" style=\"padding-top: 42px; padding-bottom: 100px;\">\n<div class=\"col-md-4 col-sm-4 col-xs-12 col-lg-4\">\n<p class=\"\"><img loading=\"lazy\" decoding=\"async\" class=\"bg-img wp-image-391 size-medium aligncenter\" src=\"https:\/\/marthalodge.com\/wp-content\/uploads\/2026\/04\/0_97_360_360_IMG_6583-768x1047.jpeg\" alt=\"\" width=\"360\" height=\"360\" srcset=\"https:\/\/marthalodge.com\/wp-content\/uploads\/2026\/04\/0_97_360_360_IMG_6583-768x1047.jpeg 360w, https:\/\/marthalodge.com\/wp-content\/uploads\/2026\/04\/IMG_6583-150x150.jpeg 150w, https:\/\/marthalodge.com\/wp-content\/uploads\/2026\/04\/IMG_6583-50x50.jpeg 50w\" sizes=\"auto, (max-width: 360px) 100vw, 360px\" \/><\/p>\n<div class=\"row\">\n<div class=\"col-md-12 col-sm-12 col-xs-12 col-lg-12\">\n<div style=\"padding: 35px;\" class=\"color5-background-color color-5-text-contrast bg-background-color bg-box\">\n<h4 style=\"margin: 0px; text-align: center;\">Personnes <a href=\"https:\/\/marthalodge.com\/fr\/people\/\">POR<\/a>traits<\/h4>\n<\/div>\n<\/div>\n<\/div>\n<\/div>\n<div class=\"col-md-4 col-sm-4 col-xs-12 col-lg-4\">\n<p class=\"\"><img loading=\"lazy\" decoding=\"async\" class=\"bg-img aligncenter wp-image-550 size-medium\" src=\"https:\/\/marthalodge.com\/wp-content\/uploads\/2026\/04\/0_119_360.06233766234_361_IMG_6968-1-768x1103.jpeg\" alt=\"\" width=\"360\" height=\"361\" srcset=\"https:\/\/marthalodge.com\/wp-content\/uploads\/2026\/04\/0_119_360.06233766234_361_IMG_6968-1-768x1103.jpeg 360w, https:\/\/marthalodge.com\/wp-content\/uploads\/2026\/04\/IMG_6968-1-150x150.jpeg 150w, https:\/\/marthalodge.com\/wp-content\/uploads\/2026\/04\/IMG_6968-1-50x50.jpeg 50w\" sizes=\"auto, (max-width: 360px) 100vw, 360px\" \/><\/p>\n<div class=\"row\">\n<div class=\"col-md-12 col-sm-12 col-xs-12 col-lg-12\">\n<div style=\"padding: 35px;\" class=\"color5-background-color color-5-text-contrast bg-background-color bg-box\">\n<h4 style=\"margin: 0px; text-align: center;\">Pet <a href=\"https:\/\/marthalodge.com\/fr\/pets\/\">POR<\/a>traits<\/h4>\n<\/div>\n<\/div>\n<\/div>\n<\/div>\n<div class=\"col-md-4 col-sm-4 col-xs-12 col-lg-4\">\n<p class=\"\"><img loading=\"lazy\" decoding=\"async\" class=\"bg-img wp-image-463 size-medium aligncenter\" src=\"https:\/\/marthalodge.com\/wp-content\/uploads\/2026\/04\/1_249_359.59350649351_361_F284ED3E-5804-404E-A2CB-E32BD8F64196-768x1024.jpeg\" alt=\"\" width=\"359\" height=\"361\" srcset=\"https:\/\/marthalodge.com\/wp-content\/uploads\/2026\/04\/1_249_359.59350649351_361_F284ED3E-5804-404E-A2CB-E32BD8F64196-768x1024.jpeg 360w, https:\/\/marthalodge.com\/wp-content\/uploads\/2026\/04\/F284ED3E-5804-404E-A2CB-E32BD8F64196-150x150.jpeg 150w, https:\/\/marthalodge.com\/wp-content\/uploads\/2026\/04\/F284ED3E-5804-404E-A2CB-E32BD8F64196-50x50.jpeg 50w\" sizes=\"auto, (max-width: 359px) 100vw, 359px\" \/><\/p>\n<div class=\"row\">\n<div class=\"col-md-12 col-sm-12 col-xs-12 col-lg-12\">\n<div style=\"padding: 35px;\" class=\"color5-background-color color-5-text-contrast bg-background-color bg-box\">\n<h4 style=\"margin: 0px; text-align: center;\"><a href=\"https:\/\/marthalodge.com\/fr\/about-us\/\">ABOUT<\/a><\/h4>\n<\/div>\n<\/div>\n<\/div>\n<\/div>\n<\/div>\n<\/div>\n<\/div>\n<div class=\"boldgrid-section color3-background-color color-3-text-contrast bg-background-color\">\n<div class=\"container\"><\/div>\n<\/div>\n<div class=\"boldgrid-section color2-background-color color-2-text-contrast bg-background-color\">\n<div class=\"container\">\n<div class=\"row\" style=\"padding-top: 50px; padding-bottom: 10px;\">\n<div class=\"col-lg-6 col-md-6 col-sm-6 col-xs-12\">\n<h3 class=\"color1-color\">T\u00e9moignages<\/h3>\n<p class=\"\">&#8220;Martha is such an incredible artist. She has an uncanny ability to capture not only the likeness, but also the spirit of her subject. The level of detail and realism in this painting are extraordinary, but there is also such life to the painting beyond the simple reproduction of the image.&#8221; \u2014A.K., ON<\/p>\n<p class=\"\">&nbsp;<\/p>\n<p class=\"\"><a class=\"btn-color-1 btn btn-raised btn-large\" style=\"box-shadow: rgba(102, 102, 102, 0.372) 0px 1px 2px 0px inset;\" href=\"https:\/\/marthalodge.com\/fr\/testimonials\/\">More<\/a><\/p>\n<\/div>\n<div class=\"col-lg-6 col-md-6 col-sm-6 col-xs-12\">\n<h3 class=\"\" style=\"text-align: center;\">MY PROCESS<\/h3>\n<p class=\"\"><a href=\"https:\/\/marthalodge.com\/fr\/process\/\"><img loading=\"lazy\" decoding=\"async\" class=\"alignnone size-medium wp-image-414 aligncenter\" src=\"https:\/\/marthalodge.com\/wp-content\/uploads\/2026\/04\/bennie-and-jetz_thumb1-e1776828329327-231x300.jpg\" alt=\"\" width=\"231\" height=\"300\" srcset=\"https:\/\/marthalodge.com\/wp-content\/uploads\/2026\/04\/bennie-and-jetz_thumb1-e1776828329327-231x300.jpg 231w, https:\/\/marthalodge.com\/wp-content\/uploads\/2026\/04\/bennie-and-jetz_thumb1-e1776828329327-9x12.jpg 9w, https:\/\/marthalodge.com\/wp-content\/uploads\/2026\/04\/bennie-and-jetz_thumb1-e1776828329327.jpg 690w\" sizes=\"auto, (max-width: 231px) 100vw, 231px\" \/><\/a><\/p>\n<\/div>\n<\/div>\n<div class=\"row\" style=\"padding-top: 32px;\"><\/div>\n<\/div>\n<\/div>\n<div class=\"color4-background-color bg-background-color tmpl-testimonial-12 boldgrid-section dynamic-gridblock background-scroll\" style=\"color: #1d1d1d; background-position: 50% 50%; background-size: cover; background-image: linear-gradient(rgba(239, 159, 105, 0.8), rgba(239, 159, 105, 0.8)), url('https:\/\/marthalodge.com\/wp-content\/uploads\/2026\/04\/ixlibrb-0.3.5q80fmjpgcropentropycstinysrgbw1600h900fitcropsf21f40bb93bae58300e83f7f72ebb5a5.jpg');\" data-bg-overlaycolor=\"rgba(239, 159, 105, 0.8)\" data-image-url=\"https:\/\/marthalodge.com\/wp-content\/uploads\/2026\/04\/ixlibrb-0.3.5q80fmjpgcropentropycstinysrgbw1600h900fitcropsf21f40bb93bae58300e83f7f72ebb5a5.jpg\">\n<div class=\"container\">\n<div class=\"row\" style=\"padding-top: 8px; padding-bottom: 2px;\">\n<div class=\"col-lg-12 col-md-12 col-xs-12 col-sm-12\">\n<p class=\"\" style=\"text-align: center;\"><span class=\"T286Pc\" data-sfc-cp=\"\" data-sfc-root=\"c\" data-sfc-cb=\"\">\u00a92026 Martha Lodge. Tous droits r\u00e9serv\u00e9s.&nbsp; <a href=\"https:\/\/marthalodge.com\/fr\/terms-and-conditions\/\">Conditions g\u00e9n\u00e9rales<\/a>&nbsp; |<a href=\"https:\/\/marthalodge.com\/fr\/faqs\/\"> FAQ<\/a><\/span><\/p>\n<\/div>\n<\/div>\n<\/div>\n<\/div>","protected":false},"excerpt":{"rendered":"<p>&#8220; Artist\u2019s statement I\u2019m a portrait artist working in oil, focused on capturing quiet presence and connection. &nbsp; Contact People PORtraits Pet PORtraits ABOUT Testimonials &#8220;Martha is such an incredible<\/p>\n<div class=\"read-more\"><a class=\"btn button-secondary\" href=\"https:\/\/marthalodge.com\/fr\/\">Read More<\/a><\/div>","protected":false},"author":1,"featured_media":0,"parent":0,"menu_order":0,"comment_status":"closed","ping_status":"closed","template":"","meta":{"bgseo_title":"","bgseo_description":"","bgseo_robots_index":"index","bgseo_robots_follow":"follow","footnotes":""},"class_list":["post-98","page","type-page","status-publish"],"jetpack_sharing_enabled":true,"_links":{"self":[{"href":"https:\/\/marthalodge.com\/fr\/wp-json\/wp\/v2\/pages\/98","targetHints":{"allow":["GET"]}}],"collection":[{"href":"https:\/\/marthalodge.com\/fr\/wp-json\/wp\/v2\/pages"}],"about":[{"href":"https:\/\/marthalodge.com\/fr\/wp-json\/wp\/v2\/types\/page"}],"author":[{"embeddable":true,"href":"https:\/\/marthalodge.com\/fr\/wp-json\/wp\/v2\/users\/1"}],"replies":[{"embeddable":true,"href":"https:\/\/marthalodge.com\/fr\/wp-json\/wp\/v2\/comments?post=98"}],"version-history":[{"count":37,"href":"https:\/\/marthalodge.com\/fr\/wp-json\/wp\/v2\/pages\/98\/revisions"}],"predecessor-version":[{"id":688,"href":"https:\/\/marthalodge.com\/fr\/wp-json\/wp\/v2\/pages\/98\/revisions\/688"}],"wp:attachment":[{"href":"https:\/\/marthalodge.com\/fr\/wp-json\/wp\/v2\/media?parent=98"}],"curies":[{"name":"wp","href":"https:\/\/api.w.org\/{rel}","templated":true}]}}